{"id":1564,"date":"2023-03-13T11:40:41","date_gmt":"2023-03-13T10:40:41","guid":{"rendered":"https:\/\/dannous.com\/boutique\/?page_id=1564"},"modified":"2023-09-18T11:21:17","modified_gmt":"2023-09-18T09:21:17","slug":"comment-ca-marche","status":"publish","type":"page","link":"https:\/\/dannous.com\/boutique\/comment-ca-marche\/","title":{"rendered":"Comment \u00e7a marche ?"},"content":{"rendered":"<h2>\n\t\t\t\tComment \u00e7a marche ?<br \/>\n\t\t\t<\/h2 >\n<figure><img decoding=\"async\" width=\"1080\" height=\"1080\" src=\"https:\/\/dannous.com\/boutique\/wp-content\/uploads\/2023\/03\/RDVdressing-creation-boutique.png\" alt=\"\" loading=\"lazy\" \/><\/figure>\n<h3>Cr\u00e9ation de boutique <\/h3>\n<p>Sur RDVdressing, nous avons simplifi\u00e9 le processus de cr\u00e9ation de votre boutique en ligne. Il vous suffit de cliquer sur le bouton \u00ab\u00a0Cr\u00e9er votre boutique\u00a0\u00bb et de remplir le formulaire correspondant. Une fois votre inscription termin\u00e9e, vous pourrez facilement ajouter des photos et des descriptions d\u00e9taill\u00e9es de vos articles pour attirer les acheteurs potentiels.<\/p>\n<figure><img decoding=\"async\" width=\"1080\" height=\"1080\" src=\"https:\/\/dannous.com\/boutique\/wp-content\/uploads\/2023\/03\/RDVdressing-photoshoot.png\" alt=\"\" loading=\"lazy\" \/><\/figure>\n<h3>Photoshoot <\/h3>\n<p>Pour que vos articles soient bien pr\u00e9sent\u00e9s sur notre site, veuillez suivre les \u00e9tapes de photoshoot. Prenez des photos claires et repr\u00e9sentatives de vos articles sous les meilleurs angles et avec une bonne lumi\u00e8re.<br \/>\nSi vous avez besoin d\u2019un photoshoot professionnel, contactez-nous.\n<\/p>\n<figure><img decoding=\"async\" width=\"1080\" height=\"1080\" src=\"https:\/\/dannous.com\/boutique\/wp-content\/uploads\/2023\/03\/RDVdressing-ajout-boutique.png\" alt=\"\" loading=\"lazy\" \/><\/figure>\n<h3>Exposition <\/h3>\n<p>RDVdressing facilite la vente de vos articles gr\u00e2ce \u00e0 notre processus de publication simple. Apr\u00e8s un photoshoot de qualit\u00e9, vos articles peuvent \u00eatre publi\u00e9s sur notre site avec des informations d\u00e9taill\u00e9es pour aider les acheteurs \u00e0 trouver leurs besoins. <\/p>\n<figure><img decoding=\"async\" width=\"1080\" height=\"1080\" src=\"https:\/\/dannous.com\/boutique\/wp-content\/uploads\/2023\/03\/4-1-1.svg\" alt=\"\" loading=\"lazy\" \/><\/figure>\n<h3>Social Selling <\/h3>\n<p>Nous utilisons le social selling pour nos clients afin de renforcer leur pr\u00e9sence en ligne et d&rsquo;optimiser leur strat\u00e9gie de vente. Cette technique de vente leur permet d&rsquo;\u00e9tablir des relations de confiance avec leur public cible en diffusant des contenus pertinents et personnalis\u00e9s sur les r\u00e9seaux sociaux. En fournissant des conseils, des astuces et des id\u00e9es inspirantes.<\/p>\n","protected":false},"excerpt":{"rendered":"<p>Comment \u00e7a marche ? Cr\u00e9ation de boutique Sur RDVdressing, nous avons simplifi\u00e9 le processus de cr\u00e9ation de votre boutique en ligne. Il vous suffit de cliquer sur le bouton \u00ab\u00a0Cr\u00e9er votre boutique\u00a0\u00bb et de remplir le formulaire correspondant. Une fois votre inscription termin\u00e9e, vous pourrez facilement ajouter des photos et des descriptions d\u00e9taill\u00e9es de vos [&hellip;]<\/p>\n","protected":false},"author":1,"featured_media":0,"parent":0,"menu_order":0,"comment_status":"closed","ping_status":"closed","template":"","meta":{"site-sidebar-layout":"no-sidebar","site-content-layout":"page-builder","ast-site-content-layout":"default","site-content-style":"default","site-sidebar-style":"default","ast-global-header-display":"","ast-banner-title-visibility":"","ast-main-header-display":"","ast-hfb-above-header-display":"","ast-hfb-below-header-display":"","ast-hfb-mobile-header-display":"","site-post-title":"disabled","ast-breadcrumbs-content":"","ast-featured-img":"disabled","footer-sml-layout":"","ast-disable-related-posts":"","theme-transparent-header-meta":"default","adv-header-id-meta":"","stick-header-meta":"","header-above-stick-meta":"","header-main-stick-meta":"","header-below-stick-meta":"","astra-migrate-meta-layouts":"default","ast-page-background-enabled":"default","ast-page-background-meta":{"desktop":{"background-color":"","background-image":"","background-repeat":"repeat","background-position":"center center","background-size":"auto","background-attachment":"scroll","background-type":"","background-media":"","overlay-type":"","overlay-color":"","overlay-opacity":"","overlay-gradient":""},"tablet":{"background-color":"","background-image":"","background-repeat":"repeat","background-position":"center center","background-size":"auto","background-attachment":"scroll","background-type":"","background-media":"","overlay-type":"","overlay-color":"","overlay-opacity":"","overlay-gradient":""},"mobile":{"background-color":"","background-image":"","background-repeat":"repeat","background-position":"center center","background-size":"auto","background-attachment":"scroll","background-type":"","background-media":"","overlay-type":"","overlay-color":"","overlay-opacity":"","overlay-gradient":""}},"ast-content-background-meta":{"desktop":{"background-color":"var(--ast-global-color-5)","background-image":"","background-repeat":"repeat","background-position":"center center","background-size":"auto","background-attachment":"scroll","background-type":"","background-media":"","overlay-type":"","overlay-color":"","overlay-opacity":"","overlay-gradient":""},"tablet":{"background-color":"var(--ast-global-color-5)","background-image":"","background-repeat":"repeat","background-position":"center center","background-size":"auto","background-attachment":"scroll","background-type":"","background-media":"","overlay-type":"","overlay-color":"","overlay-opacity":"","overlay-gradient":""},"mobile":{"background-color":"var(--ast-global-color-5)","background-image":"","background-repeat":"repeat","background-position":"center center","background-size":"auto","background-attachment":"scroll","background-type":"","background-media":"","overlay-type":"","overlay-color":"","overlay-opacity":"","overlay-gradient":""}},"footnotes":""},"class_list":["post-1564","page","type-page","status-publish","hentry"],"_links":{"self":[{"href":"https:\/\/dannous.com\/boutique\/wp-json\/wp\/v2\/pages\/1564","targetHints":{"allow":["GET"]}}],"collection":[{"href":"https:\/\/dannous.com\/boutique\/wp-json\/wp\/v2\/pages"}],"about":[{"href":"https:\/\/dannous.com\/boutique\/wp-json\/wp\/v2\/types\/page"}],"author":[{"embeddable":true,"href":"https:\/\/dannous.com\/boutique\/wp-json\/wp\/v2\/users\/1"}],"replies":[{"embeddable":true,"href":"https:\/\/dannous.com\/boutique\/wp-json\/wp\/v2\/comments?post=1564"}],"version-history":[{"count":13,"href":"https:\/\/dannous.com\/boutique\/wp-json\/wp\/v2\/pages\/1564\/revisions"}],"predecessor-version":[{"id":2242,"href":"https:\/\/dannous.com\/boutique\/wp-json\/wp\/v2\/pages\/1564\/revisions\/2242"}],"wp:attachment":[{"href":"https:\/\/dannous.com\/boutique\/wp-json\/wp\/v2\/media?parent=1564"}],"curies":[{"name":"wp","href":"https:\/\/api.w.org\/{rel}","templated":true}]}}