{"id":306,"date":"2021-11-03T19:04:46","date_gmt":"2021-11-03T18:04:46","guid":{"rendered":"https:\/\/dannous.com\/boutique\/site\/?page_id=306"},"modified":"2021-11-12T22:24:12","modified_gmt":"2021-11-12T21:24:12","slug":"jachete","status":"publish","type":"page","link":"https:\/\/dannous.com\/boutique\/jachete\/","title":{"rendered":"J&rsquo;ach\u00e8te"},"content":{"rendered":"<h2>\n\t\t\t\t\tJ&rsquo;Ach\u00e8te<br \/>\n\t\t\t\t<\/h2>\n<p role=\"status\" aria-live=\"polite\" aria-atomic=\"true\">\n<ul><\/ul>\n<form action=\"\/wp-admin\/admin-ajax.php#wpcf7-f542-o1\" method=\"post\" novalidate=\"novalidate\" data-status=\"init\">\n<input type=\"hidden\" name=\"_wpcf7\" value=\"542\" \/><br \/>\n<input type=\"hidden\" name=\"_wpcf7_version\" value=\"5.5.2\" \/><br \/>\n<input type=\"hidden\" name=\"_wpcf7_locale\" value=\"fr_FR\" \/><br \/>\n<input type=\"hidden\" name=\"_wpcf7_unit_tag\" value=\"wpcf7-f542-o1\" \/><br \/>\n<input type=\"hidden\" name=\"_wpcf7_container_post\" value=\"0\" \/><br \/>\n<input type=\"hidden\" name=\"_wpcf7_posted_data_hash\" value=\"\" \/><br \/>\n<label><input type=\"text\" name=\"your-first-name\" value=\"\" size=\"40\" aria-required=\"true\" aria-invalid=\"false\" placeholder=\"Pr\u00e9nom\" \/> <\/label><br \/>\n<label><input type=\"text\" name=\"your-name\" value=\"\" size=\"40\" aria-required=\"true\" aria-invalid=\"false\" placeholder=\"Nom\" \/> <\/label><br \/>\n<label><input type=\"email\" name=\"your-email\" value=\"\" size=\"40\" aria-required=\"true\" aria-invalid=\"false\" placeholder=\"Votre email\" \/> <\/label><br \/>\n<label><input type=\"tel\" name=\"mobile\" value=\"\" size=\"40\" aria-required=\"true\" aria-invalid=\"false\" placeholder=\"Mobile\/WhatsApp\" \/> <\/label><br \/>\n<label> <input type=\"text\" name=\"instagram-name\" value=\"\" size=\"40\" aria-required=\"true\" aria-invalid=\"false\" placeholder=\"Nom sur Instagram\" \/> <\/label><br \/>\n<label> <input type=\"text\" name=\"facebook-name\" value=\"\" size=\"40\" aria-required=\"true\" aria-invalid=\"false\" placeholder=\"Nom sur Facebook\" \/> <\/label><\/p>\n<p><label>Je veux essayer ces articles <\/br><br \/>\n<input type=\"checkbox\" name=\"article[]\" value=\"V\u00eatements\" \/>V\u00eatements<input type=\"checkbox\" name=\"article[]\" value=\"Accessoires\" \/>Accessoires<input type=\"checkbox\" name=\"article[]\" value=\"Produits cosm\u00e9tiques\" \/>Produits cosm\u00e9tiques<input type=\"checkbox\" name=\"article[]\" value=\"Autres\" \/>Autres<\/label><\/p>\n<p><label> Vos commentaires (optional)<br \/>\n    <textarea name=\"your-message\" cols=\"40\" rows=\"10\" aria-invalid=\"false\"><\/textarea> <\/label><\/p>\n<p><input type=\"submit\" value=\"Envoyer\" \/><\/p>\n<\/form>\n","protected":false},"excerpt":{"rendered":"<p>J&rsquo;Ach\u00e8te Je veux essayer ces articles V\u00eatementsAccessoiresProduits cosm\u00e9tiquesAutres Vos commentaires (optional)<\/p>\n","protected":false},"author":1,"featured_media":0,"parent":0,"menu_order":0,"comment_status":"closed","ping_status":"closed","template":"","meta":{"site-sidebar-layout":"no-sidebar","site-content-layout":"page-builder","ast-site-content-layout":"default","site-content-style":"default","site-sidebar-style":"default","ast-global-header-display":"","ast-banner-title-visibility":"","ast-main-header-display":"","ast-hfb-above-header-display":"","ast-hfb-below-header-display":"","ast-hfb-mobile-header-display":"","site-post-title":"disabled","ast-breadcrumbs-content":"","ast-featured-img":"disabled","footer-sml-layout":"","ast-disable-related-posts":"","theme-transparent-header-meta":"default","adv-header-id-meta":"","stick-header-meta":"","header-above-stick-meta":"","header-main-stick-meta":"","header-below-stick-meta":"","astra-migrate-meta-layouts":"default","ast-page-background-enabled":"default","ast-page-background-meta":{"desktop":{"background-color":"","background-image":"","background-repeat":"repeat","background-position":"center center","background-size":"auto","background-attachment":"scroll","background-type":"","background-media":"","overlay-type":"","overlay-color":"","overlay-opacity":"","overlay-gradient":""},"tablet":{"background-color":"","background-image":"","background-repeat":"repeat","background-position":"center center","background-size":"auto","background-attachment":"scroll","background-type":"","background-media":"","overlay-type":"","overlay-color":"","overlay-opacity":"","overlay-gradient":""},"mobile":{"background-color":"","background-image":"","background-repeat":"repeat","background-position":"center center","background-size":"auto","background-attachment":"scroll","background-type":"","background-media":"","overlay-type":"","overlay-color":"","overlay-opacity":"","overlay-gradient":""}},"ast-content-background-meta":{"desktop":{"background-color":"var(--ast-global-color-5)","background-image":"","background-repeat":"repeat","background-position":"center center","background-size":"auto","background-attachment":"scroll","background-type":"","background-media":"","overlay-type":"","overlay-color":"","overlay-opacity":"","overlay-gradient":""},"tablet":{"background-color":"var(--ast-global-color-5)","background-image":"","background-repeat":"repeat","background-position":"center center","background-size":"auto","background-attachment":"scroll","background-type":"","background-media":"","overlay-type":"","overlay-color":"","overlay-opacity":"","overlay-gradient":""},"mobile":{"background-color":"var(--ast-global-color-5)","background-image":"","background-repeat":"repeat","background-position":"center center","background-size":"auto","background-attachment":"scroll","background-type":"","background-media":"","overlay-type":"","overlay-color":"","overlay-opacity":"","overlay-gradient":""}},"footnotes":""},"class_list":["post-306","page","type-page","status-publish","hentry"],"_links":{"self":[{"href":"https:\/\/dannous.com\/boutique\/wp-json\/wp\/v2\/pages\/306","targetHints":{"allow":["GET"]}}],"collection":[{"href":"https:\/\/dannous.com\/boutique\/wp-json\/wp\/v2\/pages"}],"about":[{"href":"https:\/\/dannous.com\/boutique\/wp-json\/wp\/v2\/types\/page"}],"author":[{"embeddable":true,"href":"https:\/\/dannous.com\/boutique\/wp-json\/wp\/v2\/users\/1"}],"replies":[{"embeddable":true,"href":"https:\/\/dannous.com\/boutique\/wp-json\/wp\/v2\/comments?post=306"}],"version-history":[{"count":10,"href":"https:\/\/dannous.com\/boutique\/wp-json\/wp\/v2\/pages\/306\/revisions"}],"predecessor-version":[{"id":551,"href":"https:\/\/dannous.com\/boutique\/wp-json\/wp\/v2\/pages\/306\/revisions\/551"}],"wp:attachment":[{"href":"https:\/\/dannous.com\/boutique\/wp-json\/wp\/v2\/media?parent=306"}],"curies":[{"name":"wp","href":"https:\/\/api.w.org\/{rel}","templated":true}]}}