{"id":832,"date":"2022-08-20T23:32:45","date_gmt":"2022-08-20T21:32:45","guid":{"rendered":"https:\/\/dannous.com\/boutique\/?page_id=832"},"modified":"2023-09-18T11:23:59","modified_gmt":"2023-09-18T09:23:59","slug":"location","status":"publish","type":"page","link":"https:\/\/dannous.com\/boutique\/location\/","title":{"rendered":"Location"},"content":{"rendered":"<h2>\n\t\t\t\tLocation<br \/>\n\t\t\t<\/h2 >\n<p>RDVdressing vous permet de louer vos v\u00eatements et accessoires en quelques clics, de sorte que vous n&rsquo;aurez plus jamais \u00e0 vous soucier de ce que vous allez porter.<\/p>\n<p>Nous sommes l\u00e0 pour vous aider \u00e0 \u00e9viter de d\u00e9penser trop pour des v\u00eatements que vous ne porterez plus jamais.<\/p>\n<p>Nous avons toutes sortes d&rsquo;articles parmi lesquels vous pouvez choisir : des robes, des t-shirts, des pantalons, des accessoires et des articles d\u00e9coratifs.<\/p>\n<p>Alors qu\u2019attendez vous d&rsquo;ajouter vos articles dans notre boutique.<\/p>\n<p>NB: le contact sera direct avec vos clients.<\/p>\n","protected":false},"excerpt":{"rendered":"<p>Location RDVdressing vous permet de louer vos v\u00eatements et accessoires en quelques clics, de sorte que vous n&rsquo;aurez plus jamais \u00e0 vous soucier de ce que vous allez porter. Nous sommes l\u00e0 pour vous aider \u00e0 \u00e9viter de d\u00e9penser trop pour des v\u00eatements que vous ne porterez plus jamais. Nous avons toutes sortes d&rsquo;articles parmi [&hellip;]<\/p>\n","protected":false},"author":1,"featured_media":0,"parent":0,"menu_order":0,"comment_status":"closed","ping_status":"closed","template":"elementor_header_footer","meta":{"site-sidebar-layout":"no-sidebar","site-content-layout":"page-builder","ast-site-content-layout":"default","site-content-style":"default","site-sidebar-style":"default","ast-global-header-display":"","ast-banner-title-visibility":"","ast-main-header-display":"","ast-hfb-above-header-display":"","ast-hfb-below-header-display":"","ast-hfb-mobile-header-display":"","site-post-title":"disabled","ast-breadcrumbs-content":"","ast-featured-img":"disabled","footer-sml-layout":"","ast-disable-related-posts":"","theme-transparent-header-meta":"default","adv-header-id-meta":"","stick-header-meta":"","header-above-stick-meta":"","header-main-stick-meta":"","header-below-stick-meta":"","astra-migrate-meta-layouts":"default","ast-page-background-enabled":"default","ast-page-background-meta":{"desktop":{"background-color":"","background-image":"","background-repeat":"repeat","background-position":"center center","background-size":"auto","background-attachment":"scroll","background-type":"","background-media":"","overlay-type":"","overlay-color":"","overlay-opacity":"","overlay-gradient":""},"tablet":{"background-color":"","background-image":"","background-repeat":"repeat","background-position":"center center","background-size":"auto","background-attachment":"scroll","background-type":"","background-media":"","overlay-type":"","overlay-color":"","overlay-opacity":"","overlay-gradient":""},"mobile":{"background-color":"","background-image":"","background-repeat":"repeat","background-position":"center center","background-size":"auto","background-attachment":"scroll","background-type":"","background-media":"","overlay-type":"","overlay-color":"","overlay-opacity":"","overlay-gradient":""}},"ast-content-background-meta":{"desktop":{"background-color":"var(--ast-global-color-5)","background-image":"","background-repeat":"repeat","background-position":"center center","background-size":"auto","background-attachment":"scroll","background-type":"","background-media":"","overlay-type":"","overlay-color":"","overlay-opacity":"","overlay-gradient":""},"tablet":{"background-color":"var(--ast-global-color-5)","background-image":"","background-repeat":"repeat","background-position":"center center","background-size":"auto","background-attachment":"scroll","background-type":"","background-media":"","overlay-type":"","overlay-color":"","overlay-opacity":"","overlay-gradient":""},"mobile":{"background-color":"var(--ast-global-color-5)","background-image":"","background-repeat":"repeat","background-position":"center center","background-size":"auto","background-attachment":"scroll","background-type":"","background-media":"","overlay-type":"","overlay-color":"","overlay-opacity":"","overlay-gradient":""}},"footnotes":""},"class_list":["post-832","page","type-page","status-publish","hentry"],"_links":{"self":[{"href":"https:\/\/dannous.com\/boutique\/wp-json\/wp\/v2\/pages\/832","targetHints":{"allow":["GET"]}}],"collection":[{"href":"https:\/\/dannous.com\/boutique\/wp-json\/wp\/v2\/pages"}],"about":[{"href":"https:\/\/dannous.com\/boutique\/wp-json\/wp\/v2\/types\/page"}],"author":[{"embeddable":true,"href":"https:\/\/dannous.com\/boutique\/wp-json\/wp\/v2\/users\/1"}],"replies":[{"embeddable":true,"href":"https:\/\/dannous.com\/boutique\/wp-json\/wp\/v2\/comments?post=832"}],"version-history":[{"count":13,"href":"https:\/\/dannous.com\/boutique\/wp-json\/wp\/v2\/pages\/832\/revisions"}],"predecessor-version":[{"id":2248,"href":"https:\/\/dannous.com\/boutique\/wp-json\/wp\/v2\/pages\/832\/revisions\/2248"}],"wp:attachment":[{"href":"https:\/\/dannous.com\/boutique\/wp-json\/wp\/v2\/media?parent=832"}],"curies":[{"name":"wp","href":"https:\/\/api.w.org\/{rel}","templated":true}]}}